{"id":20,"date":"2011-02-07T22:40:16","date_gmt":"2011-02-07T22:40:16","guid":{"rendered":"http:\/\/www.portugalvia.com\/"},"modified":"2012-01-13T06:54:42","modified_gmt":"2012-01-13T06:54:42","slug":"quem-somos","status":"publish","type":"page","link":"https:\/\/portugalvia.com\/vp\/quem-somos\/","title":{"rendered":"Quem Somos"},"content":{"rendered":"<p>O Via Portugal \u00e9 um portal com informa\u00e7\u00e3o que visa todos cidad\u00e3os que tenham interesse nos v\u00e1rios aspectos relacionados com a mobilidade em Portugal.<\/p>\n<p>Disponibilizamos informa\u00e7\u00e3o sobre Ag\u00eancias de Viagens, H\u00f3teis, Quartos, Apartamentos, Parques de Campismo, Pousadas de Juventude, Transportes locais, Locais de Interesse, Turismo Rural e Clima.<\/p>\n","protected":false},"excerpt":{"rendered":"<p>O Via Portugal \u00e9 um portal com informa\u00e7\u00e3o que visa todos cidad\u00e3os que tenham interesse nos v\u00e1rios aspectos relacionados com a mobilidade em Portugal. Disponibilizamos informa\u00e7\u00e3o sobre Ag\u00eancias de Viagens, H\u00f3teis, Quartos, Apartamentos, Parques de Campismo, Pousadas de Juventude, Transportes locais, Locais de Interesse, Turismo Rural e Clima.<\/p>\n","protected":false},"author":2,"featured_media":0,"parent":0,"menu_order":0,"comment_status":"open","ping_status":"open","template":"page-full.php","meta":{"footnotes":""},"class_list":["post-20","page","type-page","status-publish","hentry"],"_links":{"self":[{"href":"https:\/\/portugalvia.com\/vp\/wp-json\/wp\/v2\/pages\/20","targetHints":{"allow":["GET"]}}],"collection":[{"href":"https:\/\/portugalvia.com\/vp\/wp-json\/wp\/v2\/pages"}],"about":[{"href":"https:\/\/portugalvia.com\/vp\/wp-json\/wp\/v2\/types\/page"}],"author":[{"embeddable":true,"href":"https:\/\/portugalvia.com\/vp\/wp-json\/wp\/v2\/users\/2"}],"replies":[{"embeddable":true,"href":"https:\/\/portugalvia.com\/vp\/wp-json\/wp\/v2\/comments?post=20"}],"version-history":[{"count":9,"href":"https:\/\/portugalvia.com\/vp\/wp-json\/wp\/v2\/pages\/20\/revisions"}],"predecessor-version":[{"id":17532,"href":"https:\/\/portugalvia.com\/vp\/wp-json\/wp\/v2\/pages\/20\/revisions\/17532"}],"wp:attachment":[{"href":"https:\/\/portugalvia.com\/vp\/wp-json\/wp\/v2\/media?parent=20"}],"curies":[{"name":"wp","href":"https:\/\/api.w.org\/{rel}","templated":true}]}}